{"id":481,"date":"2021-09-30T16:03:30","date_gmt":"2021-09-30T07:03:30","guid":{"rendered":"https:\/\/yamashita-osamu.com\/?page_id=481"},"modified":"2023-01-11T13:08:21","modified_gmt":"2023-01-11T04:08:21","slug":"%e3%83%95%e3%83%ad%e3%83%b3%e3%83%88%e3%83%9a%e3%83%bc%e3%82%b8","status":"publish","type":"page","link":"https:\/\/yamashita-osamu.com\/?page_id=481","title":{"rendered":"\u300c\u6280\u80fd\u5b9f\u7fd2\u300d\u304b\u3089\u300c\u7279\u5b9a\u6280\u80fd\u300d\u3078"},"content":{"rendered":"\n<hr class=\"wp-block-separator has-css-opacity is-style-wide\"\/>\n\n\n\n<div class=\"wp-block-columns is-layout-flex wp-container-2\">\n<div class=\"wp-block-column is-layout-flow\">\n<p class=\"has-medium-font-size\">\u25cf<em>\u6280\u80fd\u5b9f\u7fd2\u751f\u304b\u3089\u7279\u5b9a\u6280\u80fd\u3078\u306e\u5207\u308a\u66ff\u3048\u306f\u53ef\u80fd\u3067\u3059\u3002<\/em><\/p>\n\n\n\n<p>\u203b\u305f\u3060\u3057\u3059\u3079\u3066\u306e\u6280\u80fd\u5b9f\u7fd2\u751f\u304c\u7121\u6761\u4ef6\u306b\u79fb\u884c\u3067\u304d\u308b\u308f\u3051\u3067\u306f\u3042\u308a\u307e\u305b\u3093\u3002<\/p>\n\n\n\n<p class=\"has-cyan-bluish-gray-background-color has-background has-medium-font-size\"><strong>\u6280\u80fd\u5b9f\u7fd2\u304b\u3089\u7279\u5b9a\u6280\u80fd\u3078\u306e\u79fb\u884c\u306b\u5fc5\u8981\u3068\u3055\u308c\u308b\u4e3b\u306a\u8981\u4ef6<\/strong><\/p>\n\n\n\n<p><\/p>\n\n\n\n<ol>\n<li>\u6280\u80fd\u5b9f\u7fd22\u53f7\u3092\u826f\u597d\u306b\u4fee\u4e86<\/li>\n\n\n\n<li>\u6280\u80fd\u5b9f\u7fd2\u3067\u306e\u8077\u7a2e\/\u4f5c\u696d\u5185\u5bb9\u3068\u3001\u7279\u5b9a\u6280\u80fd1\u53f7\u306e\u8077\u7a2e\u304c\u4e00\u81f4<\/li>\n<\/ol>\n\n\n\n<p>\u6280\u80fd\u5b9f\u7fd21\u53f7\u304b\u3089\u7279\u5b9a\u6280\u80fd\u3078\u306e\u79fb\u884c\u306f\u8a8d\u3081\u3089\u308c\u307e\u305b\u3093\u3002\u307e\u305f\u6280\u80fd\u5b9f\u7fd23\u53f7\u306e\u5834\u5408\u306f\u3001\u5b9f\u7fd2\u8a08\u753b\u3092\u6e80\u4e86\u3059\u308b\u3053\u3068\u304c\u8981\u4ef6\u3068\u306a\u308a\u307e\u3059\u3002<\/p>\n\n\n\n<p class=\"has-small-font-size\"><a href=\"https:\/\/www.ssw.go.jp\/\">\u7279\u5b9a\u6280\u80fd\u7dcf\u5408\u652f\u63f4\u30b5\u30a4\u30c8 | \u6cd5\u52d9\u7701\u51fa\u5165\u56fd\u5728\u7559\u7ba1\u7406\u5e81<\/a>\u3088\u308a<\/p>\n<\/div>\n<\/div>\n\n\n\n<p class=\"has-cyan-bluish-gray-background-color has-background has-medium-font-size\"><strong>\u79fb\u884c\u53ef\u80fd\u306a\u5bfe\u8c61\u8077\u7a2e<\/strong><\/p>\n\n\n\n<p>\u6280\u80fd\u5b9f\u7fd2\u751f\u304b\u3089\u7279\u5b9a\u6280\u80fd\u3078\u306e\u79fb\u884c\u304c\u8a8d\u3081\u3089\u308c\u308b\u306e\u306f\u3001\u4ee5\u4e0b\u306e\u7279\u5b9a\u6280\u80fd1\u53f7\u306e\u5bfe\u8c61\u3068\u306a\u308b14\u306e\u7523\u696d\u5206\u91ce\u3067\u3059\u3002<\/p>\n\n\n\n<ol>\n<li>\u4ecb\u8b77<\/li>\n\n\n\n<li>\u30d3\u30eb\u30af\u30ea\u30fc\u30cb\u30f3\u30b0<\/li>\n\n\n\n<li>\u7d20\u5f62\u6750\u7523\u696d<\/li>\n\n\n\n<li>\u96fb\u6c17\u30fb\u96fb\u5b50\u60c5\u5831\u95a2\u9023\u7523\u696d<\/li>\n\n\n\n<li>\u5efa\u8a2d<\/li>\n\n\n\n<li>\u9020\u8239\u30fb\u8236\u7528\u5de5\u696d<\/li>\n\n\n\n<li>\u81ea\u52d5\u8eca\u6574\u5099<\/li>\n\n\n\n<li>\u7523\u696d\u6a5f\u68b0\u88fd\u9020\u696d<\/li>\n\n\n\n<li>\u822a\u7a7a\u5206\u91ce<\/li>\n\n\n\n<li>\u5bbf\u6cca\u7523\u696d\u6a5f\u68b0\u88fd\u9020\u696d<\/li>\n\n\n\n<li>\u8fb2\u696d<\/li>\n\n\n\n<li>\u6f01\u696d<\/li>\n\n\n\n<li>\u98f2\u98df\u6599\u54c1\u88fd\u9020\u696d<\/li>\n\n\n\n<li>\u5916\u98df\u696d<\/li>\n<\/ol>\n\n\n\n<p><a href=\"https:\/\/yamashita-osamu.com\/?page_id=609\">\u79fb\u884c\u304c\u53ef\u80fd\u306a\u8077\u7a2e\u8868\u306f\u3053\u3061\u3089<\/a><\/p>\n\n\n\n<p>\u672c\u6765\u3001\u7279\u5b9a\u6280\u80fd\u306e\u5728\u7559\u8cc7\u683c\u3092\u5f97\u308b\u306b\u306f\u3001\u300c\u65e5\u672c\u8a9e\u80fd\u529b\u8a66\u9a13\u300d\u3068\u3001\u696d\u7a2e\u3054\u3068\u306b\u5b9f\u65bd\u3055\u308c\u308b\u300c\u6280\u80fd\u8a66\u9a13\u300d\u306b\u5408\u683c\u3057\u306a\u3051\u308c\u3070\u306a\u308a\u307e\u305b\u3093\u3002<\/p>\n\n\n\n<p>\u305f\u3060\u4e0a\u8a18\u306e<\/p>\n\n\n\n<p class=\"has-vivid-red-color has-text-color\"><strong>\u300c\u6280\u80fd\u5b9f\u7fd22\u53f7\u3092\u826f\u597d\u306b\u4fee\u4e86\u300d<\/strong><\/p>\n\n\n\n<p>\u3092\u6e80\u305f\u3057\u3066\u3044\u308c\u3070\u3001\u6280\u80fd\u5b9f\u7fd2\u306e\u8077\u7a2e\u30fb\u4f5c\u696d\u306b\u304b\u304b\u308f\u3089\u305a\u65e5\u672c\u8a9e\u8a66\u9a13\u304c\u514d\u9664\u3055\u308c\u307e\u3059\u3002<\/p>\n\n\n\n<p><\/p>\n\n\n\n<p>\u3055\u3089\u306b\u3001<strong>\u5f93\u4e8b\u3057\u3088\u3046\u3068\u3059\u308b\u696d\u52d9\u3068\u6280\u80fd\u5b9f\u7fd2\uff12\u53f7\u306e\u8077\u7a2e\u30fb\u4f5c\u696d\u306b\u95a2\u9023\u6027\u304c\u8a8d\u3081\u3089\u308c\u308b\u5834\u5408<\/strong>\u306f\u6280\u80fd\u8a66\u9a13\u3082\u514d\u9664\u3055\u308c\u307e\u3059\u3002<\/p>\n\n\n\n<p>\u300c\u6280\u80fd\u5b9f\u7fd2\uff12\u53f7\u3092\u826f\u597d\u306b\u4fee\u4e86\u3057\u3066\u3044\u308b\u300d\u3068\u3044\u3046\u306e\u306f\u3001<strong>\u6280\u80fd\u5b9f\u7fd2\u3092\u8a08\u753b\u306b\u5f93\u3063\u30662\u5e7410\u6708\u4ee5\u4e0a\u4fee\u4e86\u3057\u3066\u3044\u308b<\/strong>\u3053\u3068\u3092\u3044\u3044\u307e\u3059\u3002<\/p>\n\n\n\n<p>\u306a\u304a\u3001\u6280\u80fd\u8a66\u9a13\u306e\u514d\u9664\u3068\u3044\u3046\u306e\u306f\u300c\u6280\u80fd\u5b9f\u7fd2\u6642\u4ee3\u306e\u4f5c\u696d\u300d\u3068\u300c\u7279\u5b9a\u6280\u80fd\u3067\u3053\u308c\u304b\u3089\u884c\u3046\u696d\u52d9\u300d\u306b\u95a2\u9023\u6027\u304c\u3042\u308b\u5834\u5408\u306b\u9650\u3089\u308c\u307e\u3059\u3002<\/p>\n\n\n\n<p>\u307e\u305f\u3001\u4f01\u696d\u5074\u306b\u5916\u56fd\u4eba\u4eba\u6750\u3092\u53d7\u5165\u308c\uff0f\u652f\u63f4\u3059\u308b\u4f53\u5236\u304c\u6574\u3063\u3066\u3044\u308b\u3053\u3068\u3082\u91cd\u8981\u306a\u8981\u4ef6\u306e\u4e00\u3064\u3067\u3059\u3002<\/p>\n\n\n\n<p class=\"has-text-align-center\"><strong>\u304a\u554f\u3044\u5408\u308f\u305b\u306f\u3053\u3061\u3089<\/strong><\/p>\n\n\n\n<div class=\"wpcf7 no-js\" id=\"wpcf7-f95-o1\" lang=\"ja\" dir=\"ltr\">\n<div class=\"screen-reader-response\"><p role=\"status\" aria-live=\"polite\" aria-atomic=\"true\"><\/p> <ul><\/ul><\/div>\n<form action=\"\/index.php?rest_route=%2Fwp%2Fv2%2Fpages%2F481#wpcf7-f95-o1\" method=\"post\" class=\"wpcf7-form init\" aria-label=\"\u30b3\u30f3\u30bf\u30af\u30c8\u30d5\u30a9\u30fc\u30e0\" novalidate=\"novalidate\" data-status=\"init\">\n<div style=\"display: none;\">\n<input type=\"hidden\" name=\"_wpcf7\" value=\"95\" \/>\n<input type=\"hidden\" name=\"_wpcf7_version\" value=\"5.7.7\" \/>\n<input type=\"hidden\" name=\"_wpcf7_locale\" value=\"ja\" \/>\n<input type=\"hidden\" name=\"_wpcf7_unit_tag\" value=\"wpcf7-f95-o1\" \/>\n<input type=\"hidden\" name=\"_wpcf7_container_post\" value=\"0\" \/>\n<input type=\"hidden\" name=\"_wpcf7_posted_data_hash\" value=\"\" \/>\n<\/div>\n<table class=\"CF7_table\">\n\t<tr>\n\t\t<th>\n\t\t\t<p><span class=\"CF7_req\">\u5fc5\u9808<\/span> \u3054\u76f8\u8ac7\u5185\u5bb9\n\t\t\t<\/p>\n\t\t<\/th>\n\t\t<td>\n\t\t\t<p><span class=\"wpcf7-form-control-wrap\" data-name=\"checkbox-inq\"><span class=\"wpcf7-form-control wpcf7-checkbox wpcf7-validates-as-required\"><span class=\"wpcf7-list-item first\"><input type=\"checkbox\" name=\"checkbox-inq[]\" value=\"\u3054\u76f8\u8ac7\" \/><span class=\"wpcf7-list-item-label\">\u3054\u76f8\u8ac7<\/span><\/span><span class=\"wpcf7-list-item\"><input type=\"checkbox\" name=\"checkbox-inq[]\" value=\"\u304a\u898b\u7a4d\u3082\u308a\" \/><span class=\"wpcf7-list-item-label\">\u304a\u898b\u7a4d\u3082\u308a<\/span><\/span><span class=\"wpcf7-list-item\"><input type=\"checkbox\" name=\"checkbox-inq[]\" value=\"\u304a\u554f\u3044\u5408\u308f\u305b\" \/><span class=\"wpcf7-list-item-label\">\u304a\u554f\u3044\u5408\u308f\u305b<\/span><\/span><span class=\"wpcf7-list-item last\"><input type=\"checkbox\" name=\"checkbox-inq[]\" value=\"\u305d\u306e\u4ed6\" \/><span class=\"wpcf7-list-item-label\">\u305d\u306e\u4ed6<\/span><\/span><\/span><\/span>\n\t\t\t<\/p>\n\t\t<\/td>\n\t<\/tr>\n\t<tr>\n\t\t<th>\n\t\t\t<p><span class=\"CF7_req\">\u5fc5\u9808<\/span> \u304a\u540d\u524d\n\t\t\t<\/p>\n\t\t<\/th>\n\t\t<td>\n\t\t\t<p><span class=\"wpcf7-form-control-wrap\" data-name=\"your-name\"><input size=\"40\" class=\"wpcf7-form-control wpcf7-text wpcf7-validates-as-required\" aria-required=\"true\" aria-invalid=\"false\" placeholder=\"\u4f8b\uff1a\u3042\u306a\u305f\u306e\u304a\u540d\u524d\" value=\"\" type=\"text\" name=\"your-name\" \/><\/span>\n\t\t\t<\/p>\n\t\t<\/td>\n\t<\/tr>\n\t<tr>\n\t\t<th>\n\t\t\t<p><span class=\"CF7_req\">\u5fc5\u9808<\/span> \u30e1\u30fc\u30eb\u30a2\u30c9\u30ec\u30b9\n\t\t\t<\/p>\n\t\t<\/th>\n\t\t<td>\n\t\t\t<p><span class=\"wpcf7-form-control-wrap\" data-name=\"your-email\"><input size=\"40\" class=\"wpcf7-form-control wpcf7-text wpcf7-email wpcf7-validates-as-required wpcf7-validates-as-email\" aria-required=\"true\" aria-invalid=\"false\" placeholder=\"\u4f8b\uff1a\u00d7\u00d7\u00d7@\u00d7\u00d7\u00d7.com\" value=\"\" type=\"email\" name=\"your-email\" \/><\/span>\n\t\t\t<\/p>\n\t\t<\/td>\n\t<\/tr>\n\t<tr>\n\t\t<th>\n\t\t\t<p><span class=\"CF7_unreq\">\u4efb\u610f<\/span>\u4f1a\u793e\u540d\n\t\t\t<\/p>\n\t\t<\/th>\n\t\t<td>\n\t\t\t<p><span class=\"wpcf7-form-control-wrap\" data-name=\"your-company\"><input size=\"40\" class=\"wpcf7-form-control wpcf7-text\" aria-invalid=\"false\" placeholder=\"\u4f8b\uff1a\u25ef\u25ef\u682a\u5f0f\u4f1a\u793e\" value=\"\" type=\"text\" name=\"your-company\" \/><\/span>\n\t\t\t<\/p>\n\t\t<\/td>\n\t<\/tr>\n\t<tr>\n\t\t<th>\n\t\t\t<p><span class=\"CF7_req\">\u5fc5\u9808<\/span>\u90f5\u4fbf\u756a\u53f7\n\t\t\t<\/p>\n\t\t<\/th>\n\t\t<td>\n\t\t\t<p><span class=\"wpcf7-form-control-wrap\" data-name=\"zip\"><input size=\"40\" class=\"wpcf7-form-control wpcf7-text wpcf7-validates-as-required\" id=\"zip\" aria-required=\"true\" aria-invalid=\"false\" placeholder=\"\u4f8b\uff1a123-4567\" value=\"\" type=\"text\" name=\"zip\" \/><\/span>\n\t\t\t<\/p>\n\t\t<\/td>\n\t<\/tr>\n\t<tr>\n\t\t<th>\n\t\t\t<p><span class=\"CF7_req\">\u5fc5\u9808<\/span>\u90fd\u9053\u5e9c\u770c\n\t\t\t<\/p>\n\t\t<\/th>\n\t\t<td>\n\t\t\t<p><span class=\"wpcf7-form-control-wrap\" data-name=\"pref\"><input size=\"40\" class=\"wpcf7-form-control wpcf7-text wpcf7-validates-as-required\" id=\"pref\" aria-required=\"true\" aria-invalid=\"false\" placeholder=\"\u4f8b\uff1a\u6771\u4eac\u90fd\" value=\"\" type=\"text\" name=\"pref\" \/><\/span>\n\t\t\t<\/p>\n\t\t<\/td>\n\t<\/tr>\n\t<tr>\n\t\t<th>\n\t\t\t<p><span class=\"CF7_req\">\u5fc5\u9808<\/span>\u3054\u4f4f\u6240\n\t\t\t<\/p>\n\t\t<\/th>\n\t\t<td class=\"address-100\">\n\t\t\t<p><span class=\"wpcf7-form-control-wrap\" data-name=\"addr\"><input size=\"40\" class=\"wpcf7-form-control wpcf7-text wpcf7-validates-as-required\" id=\"addr\" aria-required=\"true\" aria-invalid=\"false\" placeholder=\"\u4f8b\uff1a\u4e2d\u592e\u533a\u9280\u5ea7\uff11\uff12\uff13\uff14\uff15\" value=\"\" type=\"text\" name=\"addr\" \/><\/span>\n\t\t\t<\/p>\n\t\t<\/td>\n\t<\/tr>\n\t<tr>\n\t\t<th>\n\t\t\t<p><span class=\"CF7_req\">\u5fc5\u9808<\/span>\u304a\u96fb\u8a71\u756a\u53f7\n\t\t\t<\/p>\n\t\t<\/th>\n\t\t<td>\n\t\t\t<p><span class=\"wpcf7-form-control-wrap\" data-name=\"your-tel\"><input size=\"40\" class=\"wpcf7-form-control wpcf7-text wpcf7-validates-as-required\" aria-required=\"true\" aria-invalid=\"false\" placeholder=\"\u4f8b\uff1a03-1234-5678\" value=\"\" type=\"text\" name=\"your-tel\" \/><\/span>\n\t\t\t<\/p>\n\t\t<\/td>\n\t<\/tr>\n\t<tr>\n\t\t<th>\n\t\t\t<p><span class=\"CF7_req\">\u5fc5\u9808<\/span>\u30e1\u30c3\u30bb\u30fc\u30b8\u672c\u6587\n\t\t\t<\/p>\n\t\t<\/th>\n\t\t<td class=\"message-100\">\n\t\t\t<p><span class=\"wpcf7-form-control-wrap\" data-name=\"your-message\"><textarea cols=\"40\" rows=\"10\" class=\"wpcf7-form-control wpcf7-textarea wpcf7-validates-as-required\" aria-required=\"true\" aria-invalid=\"false\" placeholder=\"\u304a\u554f\u3044\u5408\u308f\u305b\u5185\u5bb9\u3092\u3054\u8a18\u5165\u304f\u3060\u3055\u3044\" name=\"your-message\"><\/textarea><\/span>\u3000\n\t\t\t<\/p>\n\t\t<\/td>\n\t<\/tr>\n<\/table>\n<p class=\"CF7_btn\"><input class=\"wpcf7-form-control has-spinner wpcf7-submit\" type=\"submit\" value=\"\u9001\u4fe1\u3059\u308b\" \/>\n<\/p><div class=\"wpcf7-response-output\" aria-hidden=\"true\"><\/div>\n<\/form>\n<\/div>\n\n<div class=\"veu_socialSet veu_socialSet-position-after veu_contentAddSection\"><script>window.twttr=(function(d,s,id){var js,fjs=d.getElementsByTagName(s)[0],t=window.twttr||{};if(d.getElementById(id))return t;js=d.createElement(s);js.id=id;js.src=\"https:\/\/platform.twitter.com\/widgets.js\";fjs.parentNode.insertBefore(js,fjs);t._e=[];t.ready=function(f){t._e.push(f);};return t;}(document,\"script\",\"twitter-wjs\"));<\/script><ul><li class=\"sb_facebook sb_icon\"><a class=\"sb_icon_inner\" href=\"\/\/www.facebook.com\/sharer.php?src=bm&u=https%3A%2F%2Fyamashita-osamu.com%2F%3Fpage_id%3D481&amp;t=%E5%A4%96%E5%9B%BD%E4%BA%BA%E9%9B%87%E7%94%A8SOS%E3%82%BB%E3%83%B3%E3%82%BF%E3%83%BC%E3%80%80%E3%81%8A%E5%95%8F%E3%81%84%E5%90%88%E3%82%8F%E3%81%9B%EF%BC%9A0567-31-7566\" target=\"_blank\" onclick=\"window.open(this.href,'FBwindow','width=650,height=450,menubar=no,toolbar=no,scrollbars=yes');return false;\"><span class=\"vk_icon_w_r_sns_fb icon_sns\"><\/span><span class=\"sns_txt\">Facebook<\/span><span class=\"veu_count_sns_fb\"><\/span><\/a><\/li><li class=\"sb_twitter sb_icon\"><a class=\"sb_icon_inner\" href=\"\/\/twitter.com\/intent\/tweet?url=https%3A%2F%2Fyamashita-osamu.com%2F%3Fpage_id%3D481&amp;text=%E5%A4%96%E5%9B%BD%E4%BA%BA%E9%9B%87%E7%94%A8SOS%E3%82%BB%E3%83%B3%E3%82%BF%E3%83%BC%E3%80%80%E3%81%8A%E5%95%8F%E3%81%84%E5%90%88%E3%82%8F%E3%81%9B%EF%BC%9A0567-31-7566\" target=\"_blank\" ><span class=\"vk_icon_w_r_sns_twitter icon_sns\"><\/span><span class=\"sns_txt\">twitter<\/span><\/a><\/li><li class=\"sb_hatena sb_icon\"><a class=\"sb_icon_inner\" href=\"\/\/b.hatena.ne.jp\/add?mode=confirm&url=https%3A%2F%2Fyamashita-osamu.com%2F%3Fpage_id%3D481&amp;title=%E5%A4%96%E5%9B%BD%E4%BA%BA%E9%9B%87%E7%94%A8SOS%E3%82%BB%E3%83%B3%E3%82%BF%E3%83%BC%E3%80%80%E3%81%8A%E5%95%8F%E3%81%84%E5%90%88%E3%82%8F%E3%81%9B%EF%BC%9A0567-31-7566\" target=\"_blank\"  onclick=\"window.open(this.href,'Hatenawindow','width=650,height=450,menubar=no,toolbar=no,scrollbars=yes');return false;\"><span class=\"vk_icon_w_r_sns_hatena icon_sns\"><\/span><span class=\"sns_txt\">Hatena<\/span><span class=\"veu_count_sns_hb\"><\/span><\/a><\/li><li class=\"sb_pocket sb_icon\"><a class=\"sb_icon_inner\"  href=\"\/\/getpocket.com\/edit?url=https%3A%2F%2Fyamashita-osamu.com%2F%3Fpage_id%3D481&title=%E5%A4%96%E5%9B%BD%E4%BA%BA%E9%9B%87%E7%94%A8SOS%E3%82%BB%E3%83%B3%E3%82%BF%E3%83%BC%E3%80%80%E3%81%8A%E5%95%8F%E3%81%84%E5%90%88%E3%82%8F%E3%81%9B%EF%BC%9A0567-31-7566\" target=\"_blank\"  onclick=\"window.open(this.href,'Pokcetwindow','width=650,height=450,menubar=no,toolbar=no,scrollbars=yes');return false;\"><span class=\"vk_icon_w_r_sns_pocket icon_sns\"><\/span><span class=\"sns_txt\">Pocket<\/span><span class=\"veu_count_sns_pocket\"><\/span><\/a><\/li><li class=\"sb_copy sb_icon\"><button class=\"copy-button sb_icon_inner\"data-clipboard-text=\"\u5916\u56fd\u4eba\u96c7\u7528SOS\u30bb\u30f3\u30bf\u30fc\u3000\u304a\u554f\u3044\u5408\u308f\u305b\uff1a0567-31-7566 https:\/\/yamashita-osamu.com\/?page_id=481\"><span class=\"vk_icon_w_r_sns_copy icon_sns\"><i class=\"fas fa-copy\"><\/i><\/span><span class=\"sns_txt\">Copy<\/span><\/button><\/li><\/ul><\/div><!-- [ \/.socialSet ] -->","protected":false},"excerpt":{"rendered":"<p>\u25cf\u6280\u80fd\u5b9f\u7fd2\u751f\u304b\u3089\u7279\u5b9a\u6280\u80fd\u3078\u306e\u5207\u308a\u66ff\u3048\u306f\u53ef\u80fd\u3067\u3059\u3002 \u203b\u305f\u3060\u3057\u3059\u3079\u3066\u306e\u6280\u80fd\u5b9f\u7fd2\u751f\u304c\u7121\u6761\u4ef6\u306b\u79fb\u884c\u3067\u304d\u308b\u308f\u3051\u3067\u306f\u3042\u308a\u307e\u305b\u3093\u3002 \u6280\u80fd\u5b9f\u7fd2\u304b\u3089\u7279\u5b9a\u6280\u80fd\u3078\u306e\u79fb\u884c\u306b\u5fc5\u8981\u3068\u3055\u308c\u308b\u4e3b\u306a\u8981\u4ef6 \u6280\u80fd\u5b9f\u7fd21\u53f7\u304b\u3089\u7279\u5b9a\u6280\u80fd\u3078\u306e\u79fb\u884c\u306f\u8a8d\u3081\u3089\u308c\u307e\u305b\u3093\u3002 [&hellip;]<\/p>\n","protected":false},"author":1,"featured_media":0,"parent":0,"menu_order":0,"comment_status":"closed","ping_status":"closed","template":"","meta":{"vkexunit_cta_each_option":""},"_links":{"self":[{"href":"https:\/\/yamashita-osamu.com\/index.php?rest_route=\/wp\/v2\/pages\/481"}],"collection":[{"href":"https:\/\/yamashita-osamu.com\/index.php?rest_route=\/wp\/v2\/pages"}],"about":[{"href":"https:\/\/yamashita-osamu.com\/index.php?rest_route=\/wp\/v2\/types\/page"}],"author":[{"embeddable":true,"href":"https:\/\/yamashita-osamu.com\/index.php?rest_route=\/wp\/v2\/users\/1"}],"replies":[{"embeddable":true,"href":"https:\/\/yamashita-osamu.com\/index.php?rest_route=%2Fwp%2Fv2%2Fcomments&post=481"}],"version-history":[{"count":33,"href":"https:\/\/yamashita-osamu.com\/index.php?rest_route=\/wp\/v2\/pages\/481\/revisions"}],"predecessor-version":[{"id":768,"href":"https:\/\/yamashita-osamu.com\/index.php?rest_route=\/wp\/v2\/pages\/481\/revisions\/768"}],"wp:attachment":[{"href":"https:\/\/yamashita-osamu.com\/index.php?rest_route=%2Fwp%2Fv2%2Fmedia&parent=481"}],"curies":[{"name":"wp","href":"https:\/\/api.w.org\/{rel}","templated":true}]}}